{"id":228,"date":"2024-10-03T16:18:36","date_gmt":"2024-10-03T16:18:36","guid":{"rendered":"https:\/\/viajesolyplaya.co\/?page_id=228"},"modified":"2025-07-01T20:25:21","modified_gmt":"2025-07-01T20:25:21","slug":"contacto","status":"publish","type":"page","link":"https:\/\/viajesolyplaya.co\/?page_id=228","title":{"rendered":"Contacto"},"content":{"rendered":"\t\t<div data-elementor-type=\"wp-page\" data-elementor-id=\"228\" class=\"elementor elementor-228\" data-elementor-post-type=\"page\">\n\t\t\t\t<div class=\"elementor-element elementor-element-8c664f4 e-con-full e-flex e-con e-parent\" data-id=\"8c664f4\" data-element_type=\"container\" data-e-type=\"container\">\n\t\t<div class=\"elementor-element elementor-element-7e7cfd4e e-con-full e-flex e-con e-child\" data-id=\"7e7cfd4e\" data-element_type=\"container\" data-e-type=\"container\">\n\t\t\t\t<div class=\"elementor-element elementor-element-1a5fa33d elementor-widget elementor-widget-heading\" data-id=\"1a5fa33d\" data-element_type=\"widget\" data-e-type=\"widget\" data-widget_type=\"heading.default\">\n\t\t\t\t<div class=\"elementor-widget-container\">\n\t\t\t\t\t<h1 class=\"elementor-heading-title elementor-size-default\">Contactanos<\/h1>\t\t\t\t<\/div>\n\t\t\t\t<\/div>\n\t\t\t\t<div class=\"elementor-element elementor-element-70a8093b elementor-widget elementor-widget-text-editor\" data-id=\"70a8093b\" data-element_type=\"widget\" data-e-type=\"widget\" data-widget_type=\"text-editor.default\">\n\t\t\t\t<div class=\"elementor-widget-container\">\n\t\t\t\t\t\t\t\t\t<p>En Viajes Sol y Playa, nos dedicamos a brindarte una experiencia de viaje impecable, ya sea para vacaciones familiares, escapadas en pareja o viajes corporativos. Nuestro equipo de expertos est\u00e1 listo para asesorarte en cada paso, desde la elecci\u00f3n del destino hasta los detalles log\u00edsticos m\u00e1s importantes. Si tienes preguntas, necesitas cotizar un plan o requieres informaci\u00f3n sobre nuestros servicios, no dudes en contactarnos. Estamos aqu\u00ed para convertir tus ideas de viaje en una realidad<\/p>\t\t\t\t\t\t\t\t<\/div>\n\t\t\t\t<\/div>\n\t\t\t\t<\/div>\n\t\t\t\t<div class=\"elementor-element elementor-element-1f133b3 elementor-widget elementor-widget-image\" data-id=\"1f133b3\" data-element_type=\"widget\" data-e-type=\"widget\" data-widget_type=\"image.default\">\n\t\t\t\t<div class=\"elementor-widget-container\">\n\t\t\t\t\t\t\t\t\t\t\t\t\t\t\t<img fetchpriority=\"high\" decoding=\"async\" width=\"1024\" height=\"576\" src=\"https:\/\/viajesolyplaya.co\/wp-content\/uploads\/2025\/07\/Sin-titulo-19-1024x576.png\" class=\"attachment-large size-large wp-image-2499\" alt=\"\" srcset=\"https:\/\/viajesolyplaya.co\/wp-content\/uploads\/2025\/07\/Sin-titulo-19-1024x576.png 1024w, https:\/\/viajesolyplaya.co\/wp-content\/uploads\/2025\/07\/Sin-titulo-19-300x169.png 300w, https:\/\/viajesolyplaya.co\/wp-content\/uploads\/2025\/07\/Sin-titulo-19-768x432.png 768w, https:\/\/viajesolyplaya.co\/wp-content\/uploads\/2025\/07\/Sin-titulo-19-1536x864.png 1536w, https:\/\/viajesolyplaya.co\/wp-content\/uploads\/2025\/07\/Sin-titulo-19-2048x1152.png 2048w, https:\/\/viajesolyplaya.co\/wp-content\/uploads\/2025\/07\/Sin-titulo-19-600x338.png 600w\" sizes=\"(max-width: 1024px) 100vw, 1024px\" \/>\t\t\t\t\t\t\t\t\t\t\t\t\t\t\t<\/div>\n\t\t\t\t<\/div>\n\t\t\t\t<\/div>\n\t\t<div class=\"elementor-element elementor-element-4386bbfc e-con-full e-flex e-con e-parent\" data-id=\"4386bbfc\" data-element_type=\"container\" data-e-type=\"container\" data-settings=\"{&quot;background_background&quot;:&quot;classic&quot;}\">\n\t\t<div class=\"elementor-element elementor-element-5dd12eb1 e-con-full e-flex e-con e-child\" data-id=\"5dd12eb1\" data-element_type=\"container\" data-e-type=\"container\">\n\t\t\t\t<\/div>\n\t\t<div class=\"elementor-element elementor-element-3558d39d e-con-full e-flex e-con e-child\" data-id=\"3558d39d\" data-element_type=\"container\" data-e-type=\"container\">\n\t\t\t\t<div class=\"elementor-element elementor-element-49d0a257 elementor-align-start elementor-icon-list--layout-traditional elementor-list-item-link-full_width elementor-widget elementor-widget-icon-list\" data-id=\"49d0a257\" data-element_type=\"widget\" data-e-type=\"widget\" data-widget_type=\"icon-list.default\">\n\t\t\t\t<div class=\"elementor-widget-container\">\n\t\t\t\t\t\t\t<ul class=\"elementor-icon-list-items\">\n\t\t\t\t\t\t\t<li class=\"elementor-icon-list-item\">\n\t\t\t\t\t\t\t\t\t\t<span class=\"elementor-icon-list-text\"><b>Direcci\u00f3n: <\/b>Cll 22 #26-15 local 5 - Torres de castilla<\/span>\n\t\t\t\t\t\t\t\t\t<\/li>\n\t\t\t\t\t\t\t\t<li class=\"elementor-icon-list-item\">\n\t\t\t\t\t\t\t\t\t\t<span class=\"elementor-icon-list-text\"><b>Horarios:<\/b> Lunes - Viernes 8:00 am - 6:30 pm<\/span>\n\t\t\t\t\t\t\t\t\t<\/li>\n\t\t\t\t\t\t\t\t<li class=\"elementor-icon-list-item\">\n\t\t\t\t\t\t\t\t\t\t<span class=\"elementor-icon-list-text\"><b>Horarios:<\/b> Sabados  8:00 am - 1:30 pm<\/span>\n\t\t\t\t\t\t\t\t\t<\/li>\n\t\t\t\t\t\t\t\t<li class=\"elementor-icon-list-item\">\n\t\t\t\t\t\t\t\t\t\t<span class=\"elementor-icon-list-text\"><b>Telefono:<\/b> 3152217689 - 322 3396234<\/span>\n\t\t\t\t\t\t\t\t\t<\/li>\n\t\t\t\t\t\t\t\t<li class=\"elementor-icon-list-item\">\n\t\t\t\t\t\t\t\t\t\t<span class=\"elementor-icon-list-text\"><b>Email:<\/b> reservas.viajesolyplaya@gmail.com<\/span>\n\t\t\t\t\t\t\t\t\t<\/li>\n\t\t\t\t\t\t<\/ul>\n\t\t\t\t\t\t<\/div>\n\t\t\t\t<\/div>\n\t\t\t\t<\/div>\n\t\t\t\t<\/div>\n\t\t<div class=\"elementor-element elementor-element-2b32919c e-con-full e-flex e-con e-parent\" data-id=\"2b32919c\" data-element_type=\"container\" data-e-type=\"container\">\n\t\t<div class=\"elementor-element elementor-element-7b7ec428 e-con-full e-flex e-con e-child\" data-id=\"7b7ec428\" data-element_type=\"container\" data-e-type=\"container\" data-settings=\"{&quot;background_background&quot;:&quot;classic&quot;}\">\n\t\t\t\t<div class=\"elementor-element elementor-element-25f46d7e elementor-widget elementor-widget-google_maps\" data-id=\"25f46d7e\" data-element_type=\"widget\" data-e-type=\"widget\" data-widget_type=\"google_maps.default\">\n\t\t\t\t<div class=\"elementor-widget-container\">\n\t\t\t\t\t\t\t<div class=\"elementor-custom-embed\">\n\t\t\t<iframe loading=\"lazy\"\n\t\t\t\t\tsrc=\"https:\/\/maps.google.com\/maps?q=Cll%2022%20%2325-15%20local%205%20-%20torres%20de%20castilla&#038;t=m&#038;z=15&#038;output=embed&#038;iwloc=near\"\n\t\t\t\t\ttitle=\"Cll 22 #25-15 local 5 - torres de castilla\"\n\t\t\t\t\taria-label=\"Cll 22 #25-15 local 5 - torres de castilla\"\n\t\t\t><\/iframe>\n\t\t<\/div>\n\t\t\t\t\t\t<\/div>\n\t\t\t\t<\/div>\n\t\t\t\t<\/div>\n\t\t<div class=\"elementor-element elementor-element-1c56658a e-con-full e-flex e-con e-child\" data-id=\"1c56658a\" data-element_type=\"container\" data-e-type=\"container\">\n\t\t\t\t<div class=\"elementor-element elementor-element-46a582a elementor-widget elementor-widget-heading\" data-id=\"46a582a\" data-element_type=\"widget\" data-e-type=\"widget\" data-widget_type=\"heading.default\">\n\t\t\t\t<div class=\"elementor-widget-container\">\n\t\t\t\t\t<h2 class=\"elementor-heading-title elementor-size-default\">Visitanos<\/h2>\t\t\t\t<\/div>\n\t\t\t\t<\/div>\n\t\t\t\t<div class=\"elementor-element elementor-element-7ccd7487 elementor-widget elementor-widget-icon-box\" data-id=\"7ccd7487\" data-element_type=\"widget\" data-e-type=\"widget\" data-widget_type=\"icon-box.default\">\n\t\t\t\t<div class=\"elementor-widget-container\">\n\t\t\t\t\t\t\t<div class=\"elementor-icon-box-wrapper\">\n\n\t\t\t\n\t\t\t\t\t\t<div class=\"elementor-icon-box-content\">\n\n\t\t\t\t\t\t\t\t\t<h4 class=\"elementor-icon-box-title\">\n\t\t\t\t\t\t<span  >\n\t\t\t\t\t\t\tDirecci\u00f3n:\t\t\t\t\t\t<\/span>\n\t\t\t\t\t<\/h4>\n\t\t\t\t\n\t\t\t\t\t\t\t\t\t<p class=\"elementor-icon-box-description\">\n\t\t\t\t\t\tCll 22 #26-15 local 5 - torres de castilla, Giron Santander \/ Colombia\t\t\t\t\t<\/p>\n\t\t\t\t\n\t\t\t<\/div>\n\t\t\t\n\t\t<\/div>\n\t\t\t\t\t\t<\/div>\n\t\t\t\t<\/div>\n\t\t\t\t<\/div>\n\t\t\t\t<\/div>\n\t\t\t\t<\/div>\n\t\t","protected":false},"excerpt":{"rendered":"<p>Contactanos En Viajes Sol y Playa, nos dedicamos a brindarte una experiencia de viaje impecable, ya sea para vacaciones familiares, escapadas en pareja o viajes corporativos. Nuestro equipo de expertos est\u00e1 listo para asesorarte en cada paso, desde la elecci\u00f3n del destino hasta los detalles log\u00edsticos m\u00e1s importantes. Si tienes preguntas, necesitas cotizar un plan [&hellip;]<\/p>\n","protected":false},"author":1,"featured_media":0,"parent":0,"menu_order":0,"comment_status":"closed","ping_status":"closed","template":"elementor_header_footer","meta":{"footnotes":""},"class_list":["post-228","page","type-page","status-publish","hentry","travel-monster-post","no-post-thumbnail","latest_post"],"aioseo_notices":[],"yoast_head":"<!-- This site is optimized with the Yoast SEO plugin v27.3 - https:\/\/yoast.com\/product\/yoast-seo-wordpress\/ -->\n<title>Contacto - Viajes sol y playa<\/title>\n<meta name=\"robots\" content=\"index, follow, max-snippet:-1, max-image-preview:large, max-video-preview:-1\" \/>\n<link rel=\"canonical\" href=\"https:\/\/viajesolyplaya.co\/?page_id=228\" \/>\n<meta property=\"og:locale\" content=\"es_ES\" \/>\n<meta property=\"og:type\" content=\"article\" \/>\n<meta property=\"og:title\" content=\"Contacto - Viajes sol y playa\" \/>\n<meta property=\"og:description\" content=\"Contactanos En Viajes Sol y Playa, nos dedicamos a brindarte una experiencia de viaje impecable, ya sea para vacaciones familiares, escapadas en pareja o viajes corporativos. Nuestro equipo de expertos est\u00e1 listo para asesorarte en cada paso, desde la elecci\u00f3n del destino hasta los detalles log\u00edsticos m\u00e1s importantes. Si tienes preguntas, necesitas cotizar un plan [&hellip;]\" \/>\n<meta property=\"og:url\" content=\"https:\/\/viajesolyplaya.co\/?page_id=228\" \/>\n<meta property=\"og:site_name\" content=\"Viajes sol y playa\" \/>\n<meta property=\"article:publisher\" content=\"https:\/\/www.facebook.com\/share\/16WfVfg3oz\/?mibextid=wwXIfr\" \/>\n<meta property=\"article:modified_time\" content=\"2025-07-01T20:25:21+00:00\" \/>\n<meta property=\"og:image\" content=\"https:\/\/viajesolyplaya.co\/wp-content\/uploads\/2025\/07\/Sin-titulo-19-1024x576.png\" \/>\n<meta name=\"twitter:card\" content=\"summary_large_image\" \/>\n<meta name=\"twitter:label1\" content=\"Tiempo de lectura\" \/>\n\t<meta name=\"twitter:data1\" content=\"1 minuto\" \/>\n<script type=\"application\/ld+json\" class=\"yoast-schema-graph\">{\"@context\":\"https:\\\/\\\/schema.org\",\"@graph\":[{\"@type\":\"WebPage\",\"@id\":\"https:\\\/\\\/viajesolyplaya.co\\\/?page_id=228\",\"url\":\"https:\\\/\\\/viajesolyplaya.co\\\/?page_id=228\",\"name\":\"Contacto - Viajes sol y playa\",\"isPartOf\":{\"@id\":\"https:\\\/\\\/viajesolyplaya.co\\\/#website\"},\"primaryImageOfPage\":{\"@id\":\"https:\\\/\\\/viajesolyplaya.co\\\/?page_id=228#primaryimage\"},\"image\":{\"@id\":\"https:\\\/\\\/viajesolyplaya.co\\\/?page_id=228#primaryimage\"},\"thumbnailUrl\":\"https:\\\/\\\/viajesolyplaya.co\\\/wp-content\\\/uploads\\\/2025\\\/07\\\/Sin-titulo-19-1024x576.png\",\"datePublished\":\"2024-10-03T16:18:36+00:00\",\"dateModified\":\"2025-07-01T20:25:21+00:00\",\"breadcrumb\":{\"@id\":\"https:\\\/\\\/viajesolyplaya.co\\\/?page_id=228#breadcrumb\"},\"inLanguage\":\"es-CO\",\"potentialAction\":[{\"@type\":\"ReadAction\",\"target\":[\"https:\\\/\\\/viajesolyplaya.co\\\/?page_id=228\"]}]},{\"@type\":\"ImageObject\",\"inLanguage\":\"es-CO\",\"@id\":\"https:\\\/\\\/viajesolyplaya.co\\\/?page_id=228#primaryimage\",\"url\":\"https:\\\/\\\/viajesolyplaya.co\\\/wp-content\\\/uploads\\\/2025\\\/07\\\/Sin-titulo-19.png\",\"contentUrl\":\"https:\\\/\\\/viajesolyplaya.co\\\/wp-content\\\/uploads\\\/2025\\\/07\\\/Sin-titulo-19.png\",\"width\":2560,\"height\":1440},{\"@type\":\"BreadcrumbList\",\"@id\":\"https:\\\/\\\/viajesolyplaya.co\\\/?page_id=228#breadcrumb\",\"itemListElement\":[{\"@type\":\"ListItem\",\"position\":1,\"name\":\"Inicio\",\"item\":\"https:\\\/\\\/viajesolyplaya.co\\\/\"},{\"@type\":\"ListItem\",\"position\":2,\"name\":\"Contacto\"}]},{\"@type\":\"WebSite\",\"@id\":\"https:\\\/\\\/viajesolyplaya.co\\\/#website\",\"url\":\"https:\\\/\\\/viajesolyplaya.co\\\/\",\"name\":\"Viajes sol y playa\",\"description\":\"agencia  de viaje sol y playa\",\"publisher\":{\"@id\":\"https:\\\/\\\/viajesolyplaya.co\\\/#organization\"},\"potentialAction\":[{\"@type\":\"SearchAction\",\"target\":{\"@type\":\"EntryPoint\",\"urlTemplate\":\"https:\\\/\\\/viajesolyplaya.co\\\/?s={search_term_string}\"},\"query-input\":{\"@type\":\"PropertyValueSpecification\",\"valueRequired\":true,\"valueName\":\"search_term_string\"}}],\"inLanguage\":\"es-CO\"},{\"@type\":\"Organization\",\"@id\":\"https:\\\/\\\/viajesolyplaya.co\\\/#organization\",\"name\":\"Viajes sol y playa\",\"url\":\"https:\\\/\\\/viajesolyplaya.co\\\/\",\"logo\":{\"@type\":\"ImageObject\",\"inLanguage\":\"es-CO\",\"@id\":\"https:\\\/\\\/viajesolyplaya.co\\\/#\\\/schema\\\/logo\\\/image\\\/\",\"url\":\"https:\\\/\\\/viajesolyplaya.co\\\/wp-content\\\/uploads\\\/2024\\\/10\\\/SOL-Y-PLAYA-10.png\",\"contentUrl\":\"https:\\\/\\\/viajesolyplaya.co\\\/wp-content\\\/uploads\\\/2024\\\/10\\\/SOL-Y-PLAYA-10.png\",\"width\":552,\"height\":466,\"caption\":\"Viajes sol y playa\"},\"image\":{\"@id\":\"https:\\\/\\\/viajesolyplaya.co\\\/#\\\/schema\\\/logo\\\/image\\\/\"},\"sameAs\":[\"https:\\\/\\\/www.facebook.com\\\/share\\\/16WfVfg3oz\\\/?mibextid=wwXIfr\",\"https:\\\/\\\/www.instagram.com\\\/viajesolyplaya_oficial?igsh=cWQ3dGswM3gwajdy&utm_source=qr\"]}]}<\/script>\n<!-- \/ Yoast SEO plugin. -->","yoast_head_json":{"title":"Contacto - Viajes sol y playa","robots":{"index":"index","follow":"follow","max-snippet":"max-snippet:-1","max-image-preview":"max-image-preview:large","max-video-preview":"max-video-preview:-1"},"canonical":"https:\/\/viajesolyplaya.co\/?page_id=228","og_locale":"es_ES","og_type":"article","og_title":"Contacto - Viajes sol y playa","og_description":"Contactanos En Viajes Sol y Playa, nos dedicamos a brindarte una experiencia de viaje impecable, ya sea para vacaciones familiares, escapadas en pareja o viajes corporativos. Nuestro equipo de expertos est\u00e1 listo para asesorarte en cada paso, desde la elecci\u00f3n del destino hasta los detalles log\u00edsticos m\u00e1s importantes. Si tienes preguntas, necesitas cotizar un plan [&hellip;]","og_url":"https:\/\/viajesolyplaya.co\/?page_id=228","og_site_name":"Viajes sol y playa","article_publisher":"https:\/\/www.facebook.com\/share\/16WfVfg3oz\/?mibextid=wwXIfr","article_modified_time":"2025-07-01T20:25:21+00:00","og_image":[{"url":"https:\/\/viajesolyplaya.co\/wp-content\/uploads\/2025\/07\/Sin-titulo-19-1024x576.png","type":"","width":"","height":""}],"twitter_card":"summary_large_image","twitter_misc":{"Tiempo de lectura":"1 minuto"},"schema":{"@context":"https:\/\/schema.org","@graph":[{"@type":"WebPage","@id":"https:\/\/viajesolyplaya.co\/?page_id=228","url":"https:\/\/viajesolyplaya.co\/?page_id=228","name":"Contacto - Viajes sol y playa","isPartOf":{"@id":"https:\/\/viajesolyplaya.co\/#website"},"primaryImageOfPage":{"@id":"https:\/\/viajesolyplaya.co\/?page_id=228#primaryimage"},"image":{"@id":"https:\/\/viajesolyplaya.co\/?page_id=228#primaryimage"},"thumbnailUrl":"https:\/\/viajesolyplaya.co\/wp-content\/uploads\/2025\/07\/Sin-titulo-19-1024x576.png","datePublished":"2024-10-03T16:18:36+00:00","dateModified":"2025-07-01T20:25:21+00:00","breadcrumb":{"@id":"https:\/\/viajesolyplaya.co\/?page_id=228#breadcrumb"},"inLanguage":"es-CO","potentialAction":[{"@type":"ReadAction","target":["https:\/\/viajesolyplaya.co\/?page_id=228"]}]},{"@type":"ImageObject","inLanguage":"es-CO","@id":"https:\/\/viajesolyplaya.co\/?page_id=228#primaryimage","url":"https:\/\/viajesolyplaya.co\/wp-content\/uploads\/2025\/07\/Sin-titulo-19.png","contentUrl":"https:\/\/viajesolyplaya.co\/wp-content\/uploads\/2025\/07\/Sin-titulo-19.png","width":2560,"height":1440},{"@type":"BreadcrumbList","@id":"https:\/\/viajesolyplaya.co\/?page_id=228#breadcrumb","itemListElement":[{"@type":"ListItem","position":1,"name":"Inicio","item":"https:\/\/viajesolyplaya.co\/"},{"@type":"ListItem","position":2,"name":"Contacto"}]},{"@type":"WebSite","@id":"https:\/\/viajesolyplaya.co\/#website","url":"https:\/\/viajesolyplaya.co\/","name":"Viajes sol y playa","description":"agencia  de viaje sol y playa","publisher":{"@id":"https:\/\/viajesolyplaya.co\/#organization"},"potentialAction":[{"@type":"SearchAction","target":{"@type":"EntryPoint","urlTemplate":"https:\/\/viajesolyplaya.co\/?s={search_term_string}"},"query-input":{"@type":"PropertyValueSpecification","valueRequired":true,"valueName":"search_term_string"}}],"inLanguage":"es-CO"},{"@type":"Organization","@id":"https:\/\/viajesolyplaya.co\/#organization","name":"Viajes sol y playa","url":"https:\/\/viajesolyplaya.co\/","logo":{"@type":"ImageObject","inLanguage":"es-CO","@id":"https:\/\/viajesolyplaya.co\/#\/schema\/logo\/image\/","url":"https:\/\/viajesolyplaya.co\/wp-content\/uploads\/2024\/10\/SOL-Y-PLAYA-10.png","contentUrl":"https:\/\/viajesolyplaya.co\/wp-content\/uploads\/2024\/10\/SOL-Y-PLAYA-10.png","width":552,"height":466,"caption":"Viajes sol y playa"},"image":{"@id":"https:\/\/viajesolyplaya.co\/#\/schema\/logo\/image\/"},"sameAs":["https:\/\/www.facebook.com\/share\/16WfVfg3oz\/?mibextid=wwXIfr","https:\/\/www.instagram.com\/viajesolyplaya_oficial?igsh=cWQ3dGswM3gwajdy&utm_source=qr"]}]}},"jetpack_likes_enabled":true,"jetpack_sharing_enabled":true,"_links":{"self":[{"href":"https:\/\/viajesolyplaya.co\/index.php?rest_route=\/wp\/v2\/pages\/228","targetHints":{"allow":["GET"]}}],"collection":[{"href":"https:\/\/viajesolyplaya.co\/index.php?rest_route=\/wp\/v2\/pages"}],"about":[{"href":"https:\/\/viajesolyplaya.co\/index.php?rest_route=\/wp\/v2\/types\/page"}],"author":[{"embeddable":true,"href":"https:\/\/viajesolyplaya.co\/index.php?rest_route=\/wp\/v2\/users\/1"}],"replies":[{"embeddable":true,"href":"https:\/\/viajesolyplaya.co\/index.php?rest_route=%2Fwp%2Fv2%2Fcomments&post=228"}],"version-history":[{"count":61,"href":"https:\/\/viajesolyplaya.co\/index.php?rest_route=\/wp\/v2\/pages\/228\/revisions"}],"predecessor-version":[{"id":2509,"href":"https:\/\/viajesolyplaya.co\/index.php?rest_route=\/wp\/v2\/pages\/228\/revisions\/2509"}],"wp:attachment":[{"href":"https:\/\/viajesolyplaya.co\/index.php?rest_route=%2Fwp%2Fv2%2Fmedia&parent=228"}],"curies":[{"name":"wp","href":"https:\/\/api.w.org\/{rel}","templated":true}]}}