{"id":1258,"date":"2025-01-09T23:29:07","date_gmt":"2025-01-09T23:29:07","guid":{"rendered":"https:\/\/viajesolyplaya.co\/?page_id=1258"},"modified":"2025-10-11T22:39:35","modified_gmt":"2025-10-12T03:39:35","slug":"destinos-de-boda","status":"publish","type":"page","link":"https:\/\/viajesolyplaya.co\/?page_id=1258","title":{"rendered":"Destinos de boda"},"content":{"rendered":"\t\t<div data-elementor-type=\"wp-page\" data-elementor-id=\"1258\" class=\"elementor elementor-1258\" data-elementor-post-type=\"page\">\n\t\t\t\t<div class=\"elementor-element elementor-element-9096750 e-flex e-con-boxed e-con e-parent\" data-id=\"9096750\" data-element_type=\"container\" data-e-type=\"container\" data-settings=\"{&quot;background_background&quot;:&quot;classic&quot;}\">\n\t\t\t\t\t<div class=\"e-con-inner\">\n\t\t\t\t<div class=\"elementor-element elementor-element-a06f512 elementor-widget elementor-widget-heading\" data-id=\"a06f512\" data-element_type=\"widget\" data-e-type=\"widget\" data-widget_type=\"heading.default\">\n\t\t\t\t<div class=\"elementor-widget-container\">\n\t\t\t\t\t<h1 class=\"elementor-heading-title elementor-size-default\">Destino de bodas<\/h1>\t\t\t\t<\/div>\n\t\t\t\t<\/div>\n\t\t\t\t<div class=\"elementor-element elementor-element-761a0e8 elementor-widget elementor-widget-text-editor\" data-id=\"761a0e8\" data-element_type=\"widget\" data-e-type=\"widget\" data-widget_type=\"text-editor.default\">\n\t\t\t\t<div class=\"elementor-widget-container\">\n\t\t\t\t\t\t\t\t\t<p data-start=\"220\" data-end=\"370\">Entre el mar y la Sierra Nevada, Santa Marta te ofrece playas, cultura y naturaleza en un solo lugar. Un destino que combina historia, sol y aventura.<\/p>\t\t\t\t\t\t\t\t<\/div>\n\t\t\t\t<\/div>\n\t\t\t\t<div class=\"elementor-element elementor-element-877354a elementor-align-center elementor-widget elementor-widget-button\" data-id=\"877354a\" data-element_type=\"widget\" data-e-type=\"widget\" data-widget_type=\"button.default\">\n\t\t\t\t<div class=\"elementor-widget-container\">\n\t\t\t\t\t\t\t\t\t<div class=\"elementor-button-wrapper\">\n\t\t\t\t\t<a class=\"elementor-button elementor-button-link elementor-size-lg elementor-animation-grow\" href=\"#\">\n\t\t\t\t\t\t<span class=\"elementor-button-content-wrapper\">\n\t\t\t\t\t\t\t\t\t<span class=\"elementor-button-text\">Quiero un viaje personalizado!<\/span>\n\t\t\t\t\t<\/span>\n\t\t\t\t\t<\/a>\n\t\t\t\t<\/div>\n\t\t\t\t\t\t\t\t<\/div>\n\t\t\t\t<\/div>\n\t\t\t\t\t<\/div>\n\t\t\t\t<\/div>\n\t\t<div class=\"elementor-element elementor-element-4c266d81 e-con-full e-flex e-con e-parent\" data-id=\"4c266d81\" data-element_type=\"container\" data-e-type=\"container\">\n\t\t<div class=\"elementor-element elementor-element-3ba26fe4 e-con-full e-flex e-con e-child\" data-id=\"3ba26fe4\" data-element_type=\"container\" data-e-type=\"container\">\n\t\t\t\t<div class=\"elementor-element elementor-element-79ae633c elementor-invisible elementor-widget elementor-widget-heading\" data-id=\"79ae633c\" data-element_type=\"widget\" data-e-type=\"widget\" data-settings=\"{&quot;_animation&quot;:&quot;fadeInUp&quot;}\" data-widget_type=\"heading.default\">\n\t\t\t\t<div class=\"elementor-widget-container\">\n\t\t\t\t\t<h1 class=\"elementor-heading-title elementor-size-default\">BODAS Y EVENTOS HECHAS A LA MEDIDA\n<\/h1>\t\t\t\t<\/div>\n\t\t\t\t<\/div>\n\t\t\t\t<div class=\"elementor-element elementor-element-72f7d161 elementor-cta--layout-image-right elementor-cta--valign-bottom elementor-cta--mobile-layout-image-above elementor-cta--skin-classic elementor-animated-content elementor-bg-transform elementor-bg-transform-zoom-in elementor-widget elementor-widget-call-to-action\" data-id=\"72f7d161\" data-element_type=\"widget\" data-e-type=\"widget\" data-widget_type=\"call-to-action.default\">\n\t\t\t\t<div class=\"elementor-widget-container\">\n\t\t\t\t\t\t\t<div class=\"elementor-cta\">\n\t\t\t\t\t\t\t<div class=\"elementor-cta__content\">\n\t\t\t\t\n\t\t\t\t\n\t\t\t\t\t\t\t\t\t<div class=\"elementor-cta__description elementor-cta__content-item elementor-content-item\">\n\t\t\t\t\t\tTodos los novios quieren una boda incomparable combinada con esplendor y estilo. Creamos eventos impresionantes, \u00fanicos, producidos y dise\u00f1ados a la perfecci\u00f3n. De lo tradicional a lo moderno, de lo elegante a lo relajado, nuestro enfoque es la ejecuci\u00f3n exquisita de cualquier evento que planifiquemos.\t\t\t\t\t<\/div>\n\t\t\t\t\n\t\t\t\t\t\t\t\t\t<div class=\"elementor-cta__button-wrapper elementor-cta__content-item elementor-content-item \">\n\t\t\t\t\t<a class=\"elementor-cta__button elementor-button elementor-size-lg\">\n\t\t\t\t\t\tRequest Consultation\t\t\t\t\t<\/a>\n\t\t\t\t\t<\/div>\n\t\t\t\t\t\t\t<\/div>\n\t\t\t\t\t\t<\/div>\n\t\t\t\t\t\t<\/div>\n\t\t\t\t<\/div>\n\t\t\t\t<\/div>\n\t\t<div class=\"elementor-element elementor-element-17cb44a8 e-con-full e-flex e-con e-child\" data-id=\"17cb44a8\" data-element_type=\"container\" data-e-type=\"container\">\n\t\t\t\t<div class=\"elementor-element elementor-element-134ec850 elementor-pagination-position-inside elementor-widget__width-inherit elementor-widget elementor-widget-image-carousel\" data-id=\"134ec850\" data-element_type=\"widget\" data-e-type=\"widget\" data-settings=\"{&quot;slides_to_show&quot;:&quot;1&quot;,&quot;navigation&quot;:&quot;dots&quot;,&quot;pause_on_hover&quot;:&quot;no&quot;,&quot;pause_on_interaction&quot;:&quot;no&quot;,&quot;autoplay_speed&quot;:4000,&quot;slides_to_show_tablet&quot;:&quot;1&quot;,&quot;autoplay&quot;:&quot;yes&quot;,&quot;infinite&quot;:&quot;yes&quot;,&quot;effect&quot;:&quot;slide&quot;,&quot;speed&quot;:500}\" data-widget_type=\"image-carousel.default\">\n\t\t\t\t<div class=\"elementor-widget-container\">\n\t\t\t\t\t\t\t<div class=\"elementor-image-carousel-wrapper swiper\" role=\"region\" aria-roledescription=\"carousel\" aria-label=\"Carrusel de im\u00e1genes\" dir=\"ltr\">\n\t\t\t<div class=\"elementor-image-carousel swiper-wrapper\" aria-live=\"off\">\n\t\t\t\t\t\t\t\t<div class=\"swiper-slide\" role=\"group\" aria-roledescription=\"slide\" aria-label=\"1 of 3\"><figure class=\"swiper-slide-inner\"><img decoding=\"async\" class=\"swiper-slide-image\" src=\"https:\/\/viajesolyplaya.co\/wp-content\/uploads\/2025\/07\/Sin-titulo-12-6.png\" alt=\"Sin t\u00edtulo-12 (6)\" \/><\/figure><\/div><div class=\"swiper-slide\" role=\"group\" aria-roledescription=\"slide\" aria-label=\"2 of 3\"><figure class=\"swiper-slide-inner\"><img decoding=\"async\" class=\"swiper-slide-image\" src=\"https:\/\/viajesolyplaya.co\/wp-content\/uploads\/2025\/07\/Sin-titulo-12-7.png\" alt=\"Sin t\u00edtulo-12 (7)\" \/><\/figure><\/div><div class=\"swiper-slide\" role=\"group\" aria-roledescription=\"slide\" aria-label=\"3 of 3\"><figure class=\"swiper-slide-inner\"><img decoding=\"async\" class=\"swiper-slide-image\" src=\"https:\/\/viajesolyplaya.co\/wp-content\/uploads\/2025\/07\/Sin-titulo-13-5.png\" alt=\"Sin t\u00edtulo-13 (5)\" \/><\/figure><\/div>\t\t\t<\/div>\n\t\t\t\t\t\t\t\n\t\t\t\t\t\t\t\t\t<div class=\"swiper-pagination\"><\/div>\n\t\t\t\t\t\t\t\t\t<\/div>\n\t\t\t\t\t\t<\/div>\n\t\t\t\t<\/div>\n\t\t\t\t<\/div>\n\t\t\t\t<\/div>\n\t\t<div class=\"elementor-element elementor-element-252671b2 e-flex e-con-boxed e-con e-parent\" data-id=\"252671b2\" data-element_type=\"container\" data-e-type=\"container\">\n\t\t\t\t\t<div class=\"e-con-inner\">\n\t\t<div class=\"elementor-element elementor-element-e8a5605 e-con-full e-flex e-con e-child\" data-id=\"e8a5605\" data-element_type=\"container\" data-e-type=\"container\" data-settings=\"{&quot;background_background&quot;:&quot;classic&quot;,&quot;background_motion_fx_motion_fx_scrolling&quot;:&quot;yes&quot;,&quot;background_motion_fx_scale_effect&quot;:&quot;yes&quot;,&quot;background_motion_fx_scale_direction&quot;:&quot;in-out&quot;,&quot;background_motion_fx_scale_speed&quot;:{&quot;unit&quot;:&quot;px&quot;,&quot;size&quot;:4,&quot;sizes&quot;:[]},&quot;background_motion_fx_scale_range&quot;:{&quot;unit&quot;:&quot;%&quot;,&quot;size&quot;:&quot;&quot;,&quot;sizes&quot;:{&quot;start&quot;:20,&quot;end&quot;:80}},&quot;background_motion_fx_devices&quot;:[&quot;desktop&quot;,&quot;tablet&quot;,&quot;mobile&quot;]}\">\n\t\t\t\t<div class=\"elementor-element elementor-element-06393e3 elementor-skin-coverflow elementor-arrows-yes elementor-pagination-type-bullets elementor-pagination-position-outside elementor-widget elementor-widget-media-carousel\" data-id=\"06393e3\" data-element_type=\"widget\" data-e-type=\"widget\" data-settings=\"{&quot;skin&quot;:&quot;coverflow&quot;,&quot;show_arrows&quot;:&quot;yes&quot;,&quot;pagination&quot;:&quot;bullets&quot;,&quot;speed&quot;:500,&quot;autoplay&quot;:&quot;yes&quot;,&quot;autoplay_speed&quot;:5000,&quot;loop&quot;:&quot;yes&quot;,&quot;pause_on_hover&quot;:&quot;yes&quot;,&quot;pause_on_interaction&quot;:&quot;yes&quot;,&quot;space_between&quot;:{&quot;unit&quot;:&quot;px&quot;,&quot;size&quot;:10,&quot;sizes&quot;:[]},&quot;space_between_tablet&quot;:{&quot;unit&quot;:&quot;px&quot;,&quot;size&quot;:10,&quot;sizes&quot;:[]},&quot;space_between_mobile&quot;:{&quot;unit&quot;:&quot;px&quot;,&quot;size&quot;:10,&quot;sizes&quot;:[]}}\" data-widget_type=\"media-carousel.default\">\n\t\t\t\t<div class=\"elementor-widget-container\">\n\t\t\t\t\t\t\t\t\t<div class=\"elementor-swiper\">\n\t\t\t\t\t<div class=\"elementor-main-swiper swiper\" role=\"region\" aria-roledescription=\"carousel\" aria-label=\"Slides\">\n\t\t\t\t<div class=\"swiper-wrapper\">\n\t\t\t\t\t\t\t\t\t\t\t<div class=\"swiper-slide\" role=\"group\" aria-roledescription=\"slide\">\n\t\t\t\t\t\t\t\t\t<div class=\"elementor-carousel-image\" role=\"img\" aria-label=\"Sin t\u00edtulo-7 (10)\" style=\"background-image: url(&#039;https:\/\/viajesolyplaya.co\/wp-content\/uploads\/2025\/07\/Sin-titulo-7-10.png&#039;)\">\n\n\t\t\t\n\t\t\t\t\t<\/div>\n\t\t\t\t\t\t\t\t<\/div>\n\t\t\t\t\t\t\t\t\t\t\t<div class=\"swiper-slide\" role=\"group\" aria-roledescription=\"slide\">\n\t\t\t\t\t\t\t\t\t<div class=\"elementor-carousel-image\" role=\"img\" aria-label=\"Sin t\u00edtulo-7 (9)\" style=\"background-image: url(&#039;https:\/\/viajesolyplaya.co\/wp-content\/uploads\/2025\/07\/Sin-titulo-7-9.png&#039;)\">\n\n\t\t\t\n\t\t\t\t\t<\/div>\n\t\t\t\t\t\t\t\t<\/div>\n\t\t\t\t\t\t\t\t\t\t\t<div class=\"swiper-slide\" role=\"group\" aria-roledescription=\"slide\">\n\t\t\t\t\t\t\t\t\t<div class=\"elementor-carousel-image\" role=\"img\" aria-label=\"Sin t\u00edtulo-12 (7)\" style=\"background-image: url(&#039;https:\/\/viajesolyplaya.co\/wp-content\/uploads\/2025\/07\/Sin-titulo-12-7.png&#039;)\">\n\n\t\t\t\n\t\t\t\t\t<\/div>\n\t\t\t\t\t\t\t\t<\/div>\n\t\t\t\t\t\t\t\t\t\t\t<div class=\"swiper-slide\" role=\"group\" aria-roledescription=\"slide\">\n\t\t\t\t\t\t\t\t\t<div class=\"elementor-carousel-image\" role=\"img\" aria-label=\"BODA-BARICHARA-PANO_2\" style=\"background-image: url(&#039;https:\/\/viajesolyplaya.co\/wp-content\/uploads\/2025\/07\/BODA-BARICHARA-PANO_2.jpg&#039;)\">\n\n\t\t\t\n\t\t\t\t\t<\/div>\n\t\t\t\t\t\t\t\t<\/div>\n\t\t\t\t\t\t\t\t\t\t\t<div class=\"swiper-slide\" role=\"group\" aria-roledescription=\"slide\">\n\t\t\t\t\t\t\t\t\t<div class=\"elementor-carousel-image\" role=\"img\" aria-label=\"casarse-en-santander-la-nueva-tendencia-que-enamora-a-colombia-75ALEYSJMRCONKTHOT5FCM4UNU\" style=\"background-image: url(&#039;https:\/\/viajesolyplaya.co\/wp-content\/uploads\/2025\/07\/casarse-en-santander-la-nueva-tendencia-que-enamora-a-colombia-75ALEYSJMRCONKTHOT5FCM4UNU.avif&#039;)\">\n\n\t\t\t\n\t\t\t\t\t<\/div>\n\t\t\t\t\t\t\t\t<\/div>\n\t\t\t\t\t\t\t\t\t\t\t<div class=\"swiper-slide\" role=\"group\" aria-roledescription=\"slide\">\n\t\t\t\t\t\t\t\t\t<div class=\"elementor-carousel-image\" role=\"img\" aria-label=\"BODA-BARICHARA-PANO\" style=\"background-image: url(&#039;https:\/\/viajesolyplaya.co\/wp-content\/uploads\/2025\/07\/BODA-BARICHARA-PANO.jpg&#039;)\">\n\n\t\t\t\n\t\t\t\t\t<\/div>\n\t\t\t\t\t\t\t\t<\/div>\n\t\t\t\t\t\t\t\t\t<\/div>\n\t\t\t\t\t\t\t\t\t\t\t\t\t\t\t<div class=\"swiper-pagination\"><\/div>\n\t\t\t\t\t\t\t\t\t\t\t\t\t\t\t\t<div class=\"elementor-swiper-button elementor-swiper-button-prev\" role=\"button\" tabindex=\"0\" aria-label=\"Previous\">\n\t\t\t\t\t\t\t<svg aria-hidden=\"true\" class=\"e-font-icon-svg e-eicon-chevron-left\" viewBox=\"0 0 1000 1000\" xmlns=\"http:\/\/www.w3.org\/2000\/svg\"><path d=\"M646 125C629 125 613 133 604 142L308 442C296 454 292 471 292 487 292 504 296 521 308 533L604 854C617 867 629 875 646 875 663 875 679 871 692 858 704 846 713 829 713 812 713 796 708 779 692 767L438 487 692 225C700 217 708 204 708 187 708 171 704 154 692 142 675 129 663 125 646 125Z\"><\/path><\/svg>\t\t\t\t\t\t<\/div>\n\t\t\t\t\t\t<div class=\"elementor-swiper-button elementor-swiper-button-next\" role=\"button\" tabindex=\"0\" aria-label=\"Next\">\n\t\t\t\t\t\t\t<svg aria-hidden=\"true\" class=\"e-font-icon-svg e-eicon-chevron-right\" viewBox=\"0 0 1000 1000\" xmlns=\"http:\/\/www.w3.org\/2000\/svg\"><path d=\"M696 533C708 521 713 504 713 487 713 471 708 454 696 446L400 146C388 133 375 125 354 125 338 125 325 129 313 142 300 154 292 171 292 187 292 204 296 221 308 233L563 492 304 771C292 783 288 800 288 817 288 833 296 850 308 863 321 871 338 875 354 875 371 875 388 867 400 854L696 533Z\"><\/path><\/svg>\t\t\t\t\t\t<\/div>\n\t\t\t\t\t\t\t\t\t\t\t\t<\/div>\n\t\t\t\t<\/div>\n\t\t\t\t\t\t\t\t<\/div>\n\t\t\t\t<\/div>\n\t\t\t\t<\/div>\n\t\t<div class=\"elementor-element elementor-element-51a3157b e-con-full e-flex e-con e-child\" data-id=\"51a3157b\" data-element_type=\"container\" data-e-type=\"container\">\n\t\t\t\t<div class=\"elementor-element elementor-element-405f0fb elementor-widget elementor-widget-heading\" data-id=\"405f0fb\" data-element_type=\"widget\" data-e-type=\"widget\" data-widget_type=\"heading.default\">\n\t\t\t\t<div class=\"elementor-widget-container\">\n\t\t\t\t\t<h2 class=\"elementor-heading-title elementor-size-default\">SERVICIO COMPLETO DE BODAS<\/h2>\t\t\t\t<\/div>\n\t\t\t\t<\/div>\n\t\t\t\t<div class=\"elementor-element elementor-element-3e6a5e6d elementor-widget elementor-widget-heading\" data-id=\"3e6a5e6d\" data-element_type=\"widget\" data-e-type=\"widget\" data-widget_type=\"heading.default\">\n\t\t\t\t<div class=\"elementor-widget-container\">\n\t\t\t\t\t<h3 class=\"elementor-heading-title elementor-size-default\">Ayudamos a nuestros clientes a crear celebraciones m\u00e1gicas y memorables que superen las expectativas. Nuestro enfoque personal garantiza que las bodas que planificamos sean significativas y reflejen verdaderamente a nuestros clientes como individuos, como parejas, y expresen algo sobre sus valores compartidos y su sentido del estilo.<\/h3>\t\t\t\t<\/div>\n\t\t\t\t<\/div>\n\t\t\t\t<div class=\"elementor-element elementor-element-10e278df elementor-invisible elementor-widget elementor-widget-button\" data-id=\"10e278df\" data-element_type=\"widget\" data-e-type=\"widget\" data-settings=\"{&quot;_animation&quot;:&quot;fadeInRight&quot;}\" data-widget_type=\"button.default\">\n\t\t\t\t<div class=\"elementor-widget-container\">\n\t\t\t\t\t\t\t\t\t<div class=\"elementor-button-wrapper\">\n\t\t\t\t\t<a class=\"elementor-button elementor-button-link elementor-size-lg\" href=\"#\">\n\t\t\t\t\t\t<span class=\"elementor-button-content-wrapper\">\n\t\t\t\t\t\t\t\t\t<span class=\"elementor-button-text\">Learn More<\/span>\n\t\t\t\t\t<\/span>\n\t\t\t\t\t<\/a>\n\t\t\t\t<\/div>\n\t\t\t\t\t\t\t\t<\/div>\n\t\t\t\t<\/div>\n\t\t\t\t<\/div>\n\t\t\t\t\t<\/div>\n\t\t\t\t<\/div>\n\t\t<div class=\"elementor-element elementor-element-5b448a2 e-flex e-con-boxed e-con e-parent\" data-id=\"5b448a2\" data-element_type=\"container\" data-e-type=\"container\">\n\t\t\t\t\t<div class=\"e-con-inner\">\n\t\t\t\t\t<\/div>\n\t\t\t\t<\/div>\n\t\t\t\t<\/div>\n\t\t","protected":false},"excerpt":{"rendered":"<p>Destino de bodas Entre el mar y la Sierra Nevada, Santa Marta te ofrece playas, cultura y naturaleza en un solo lugar. Un destino que combina historia, sol y aventura. Quiero un viaje personalizado! BODAS Y EVENTOS HECHAS A LA MEDIDA Todos los novios quieren una boda incomparable combinada con esplendor y estilo. Creamos eventos [&hellip;]<\/p>\n","protected":false},"author":1,"featured_media":0,"parent":0,"menu_order":0,"comment_status":"closed","ping_status":"closed","template":"","meta":{"footnotes":""},"class_list":["post-1258","page","type-page","status-publish","hentry","travel-monster-post","no-post-thumbnail","latest_post"],"aioseo_notices":[],"yoast_head":"<!-- This site is optimized with the Yoast SEO plugin v27.3 - https:\/\/yoast.com\/product\/yoast-seo-wordpress\/ -->\n<title>Destinos de boda - Viajes sol y playa<\/title>\n<meta name=\"robots\" content=\"index, follow, max-snippet:-1, max-image-preview:large, max-video-preview:-1\" \/>\n<link rel=\"canonical\" href=\"https:\/\/viajesolyplaya.co\/?page_id=1258\" \/>\n<meta property=\"og:locale\" content=\"es_ES\" \/>\n<meta property=\"og:type\" content=\"article\" \/>\n<meta property=\"og:title\" content=\"Destinos de boda - Viajes sol y playa\" \/>\n<meta property=\"og:description\" content=\"Destino de bodas Entre el mar y la Sierra Nevada, Santa Marta te ofrece playas, cultura y naturaleza en un solo lugar. Un destino que combina historia, sol y aventura. Quiero un viaje personalizado! BODAS Y EVENTOS HECHAS A LA MEDIDA Todos los novios quieren una boda incomparable combinada con esplendor y estilo. Creamos eventos [&hellip;]\" \/>\n<meta property=\"og:url\" content=\"https:\/\/viajesolyplaya.co\/?page_id=1258\" \/>\n<meta property=\"og:site_name\" content=\"Viajes sol y playa\" \/>\n<meta property=\"article:publisher\" content=\"https:\/\/www.facebook.com\/share\/16WfVfg3oz\/?mibextid=wwXIfr\" \/>\n<meta property=\"article:modified_time\" content=\"2025-10-12T03:39:35+00:00\" \/>\n<meta property=\"og:image\" content=\"https:\/\/viajesolyplaya.co\/wp-content\/uploads\/2025\/07\/Sin-titulo-12-6.png\" \/>\n<meta name=\"twitter:card\" content=\"summary_large_image\" \/>\n<meta name=\"twitter:label1\" content=\"Tiempo de lectura\" \/>\n\t<meta name=\"twitter:data1\" content=\"2 minutos\" \/>\n<script type=\"application\/ld+json\" class=\"yoast-schema-graph\">{\"@context\":\"https:\\\/\\\/schema.org\",\"@graph\":[{\"@type\":\"WebPage\",\"@id\":\"https:\\\/\\\/viajesolyplaya.co\\\/?page_id=1258\",\"url\":\"https:\\\/\\\/viajesolyplaya.co\\\/?page_id=1258\",\"name\":\"Destinos de boda - Viajes sol y playa\",\"isPartOf\":{\"@id\":\"https:\\\/\\\/viajesolyplaya.co\\\/#website\"},\"primaryImageOfPage\":{\"@id\":\"https:\\\/\\\/viajesolyplaya.co\\\/?page_id=1258#primaryimage\"},\"image\":{\"@id\":\"https:\\\/\\\/viajesolyplaya.co\\\/?page_id=1258#primaryimage\"},\"thumbnailUrl\":\"https:\\\/\\\/viajesolyplaya.co\\\/wp-content\\\/uploads\\\/2025\\\/07\\\/Sin-titulo-12-6.png\",\"datePublished\":\"2025-01-09T23:29:07+00:00\",\"dateModified\":\"2025-10-12T03:39:35+00:00\",\"breadcrumb\":{\"@id\":\"https:\\\/\\\/viajesolyplaya.co\\\/?page_id=1258#breadcrumb\"},\"inLanguage\":\"es-CO\",\"potentialAction\":[{\"@type\":\"ReadAction\",\"target\":[\"https:\\\/\\\/viajesolyplaya.co\\\/?page_id=1258\"]}]},{\"@type\":\"ImageObject\",\"inLanguage\":\"es-CO\",\"@id\":\"https:\\\/\\\/viajesolyplaya.co\\\/?page_id=1258#primaryimage\",\"url\":\"https:\\\/\\\/viajesolyplaya.co\\\/wp-content\\\/uploads\\\/2025\\\/07\\\/Sin-titulo-12-6.png\",\"contentUrl\":\"https:\\\/\\\/viajesolyplaya.co\\\/wp-content\\\/uploads\\\/2025\\\/07\\\/Sin-titulo-12-6.png\",\"width\":1080,\"height\":1080},{\"@type\":\"BreadcrumbList\",\"@id\":\"https:\\\/\\\/viajesolyplaya.co\\\/?page_id=1258#breadcrumb\",\"itemListElement\":[{\"@type\":\"ListItem\",\"position\":1,\"name\":\"Inicio\",\"item\":\"https:\\\/\\\/viajesolyplaya.co\\\/\"},{\"@type\":\"ListItem\",\"position\":2,\"name\":\"Destinos de boda\"}]},{\"@type\":\"WebSite\",\"@id\":\"https:\\\/\\\/viajesolyplaya.co\\\/#website\",\"url\":\"https:\\\/\\\/viajesolyplaya.co\\\/\",\"name\":\"Viajes sol y playa\",\"description\":\"agencia  de viaje sol y playa\",\"publisher\":{\"@id\":\"https:\\\/\\\/viajesolyplaya.co\\\/#organization\"},\"potentialAction\":[{\"@type\":\"SearchAction\",\"target\":{\"@type\":\"EntryPoint\",\"urlTemplate\":\"https:\\\/\\\/viajesolyplaya.co\\\/?s={search_term_string}\"},\"query-input\":{\"@type\":\"PropertyValueSpecification\",\"valueRequired\":true,\"valueName\":\"search_term_string\"}}],\"inLanguage\":\"es-CO\"},{\"@type\":\"Organization\",\"@id\":\"https:\\\/\\\/viajesolyplaya.co\\\/#organization\",\"name\":\"Viajes sol y playa\",\"url\":\"https:\\\/\\\/viajesolyplaya.co\\\/\",\"logo\":{\"@type\":\"ImageObject\",\"inLanguage\":\"es-CO\",\"@id\":\"https:\\\/\\\/viajesolyplaya.co\\\/#\\\/schema\\\/logo\\\/image\\\/\",\"url\":\"https:\\\/\\\/viajesolyplaya.co\\\/wp-content\\\/uploads\\\/2024\\\/10\\\/SOL-Y-PLAYA-10.png\",\"contentUrl\":\"https:\\\/\\\/viajesolyplaya.co\\\/wp-content\\\/uploads\\\/2024\\\/10\\\/SOL-Y-PLAYA-10.png\",\"width\":552,\"height\":466,\"caption\":\"Viajes sol y playa\"},\"image\":{\"@id\":\"https:\\\/\\\/viajesolyplaya.co\\\/#\\\/schema\\\/logo\\\/image\\\/\"},\"sameAs\":[\"https:\\\/\\\/www.facebook.com\\\/share\\\/16WfVfg3oz\\\/?mibextid=wwXIfr\",\"https:\\\/\\\/www.instagram.com\\\/viajesolyplaya_oficial?igsh=cWQ3dGswM3gwajdy&utm_source=qr\"]}]}<\/script>\n<!-- \/ Yoast SEO plugin. -->","yoast_head_json":{"title":"Destinos de boda - Viajes sol y playa","robots":{"index":"index","follow":"follow","max-snippet":"max-snippet:-1","max-image-preview":"max-image-preview:large","max-video-preview":"max-video-preview:-1"},"canonical":"https:\/\/viajesolyplaya.co\/?page_id=1258","og_locale":"es_ES","og_type":"article","og_title":"Destinos de boda - Viajes sol y playa","og_description":"Destino de bodas Entre el mar y la Sierra Nevada, Santa Marta te ofrece playas, cultura y naturaleza en un solo lugar. Un destino que combina historia, sol y aventura. Quiero un viaje personalizado! BODAS Y EVENTOS HECHAS A LA MEDIDA Todos los novios quieren una boda incomparable combinada con esplendor y estilo. Creamos eventos [&hellip;]","og_url":"https:\/\/viajesolyplaya.co\/?page_id=1258","og_site_name":"Viajes sol y playa","article_publisher":"https:\/\/www.facebook.com\/share\/16WfVfg3oz\/?mibextid=wwXIfr","article_modified_time":"2025-10-12T03:39:35+00:00","og_image":[{"url":"https:\/\/viajesolyplaya.co\/wp-content\/uploads\/2025\/07\/Sin-titulo-12-6.png","type":"","width":"","height":""}],"twitter_card":"summary_large_image","twitter_misc":{"Tiempo de lectura":"2 minutos"},"schema":{"@context":"https:\/\/schema.org","@graph":[{"@type":"WebPage","@id":"https:\/\/viajesolyplaya.co\/?page_id=1258","url":"https:\/\/viajesolyplaya.co\/?page_id=1258","name":"Destinos de boda - Viajes sol y playa","isPartOf":{"@id":"https:\/\/viajesolyplaya.co\/#website"},"primaryImageOfPage":{"@id":"https:\/\/viajesolyplaya.co\/?page_id=1258#primaryimage"},"image":{"@id":"https:\/\/viajesolyplaya.co\/?page_id=1258#primaryimage"},"thumbnailUrl":"https:\/\/viajesolyplaya.co\/wp-content\/uploads\/2025\/07\/Sin-titulo-12-6.png","datePublished":"2025-01-09T23:29:07+00:00","dateModified":"2025-10-12T03:39:35+00:00","breadcrumb":{"@id":"https:\/\/viajesolyplaya.co\/?page_id=1258#breadcrumb"},"inLanguage":"es-CO","potentialAction":[{"@type":"ReadAction","target":["https:\/\/viajesolyplaya.co\/?page_id=1258"]}]},{"@type":"ImageObject","inLanguage":"es-CO","@id":"https:\/\/viajesolyplaya.co\/?page_id=1258#primaryimage","url":"https:\/\/viajesolyplaya.co\/wp-content\/uploads\/2025\/07\/Sin-titulo-12-6.png","contentUrl":"https:\/\/viajesolyplaya.co\/wp-content\/uploads\/2025\/07\/Sin-titulo-12-6.png","width":1080,"height":1080},{"@type":"BreadcrumbList","@id":"https:\/\/viajesolyplaya.co\/?page_id=1258#breadcrumb","itemListElement":[{"@type":"ListItem","position":1,"name":"Inicio","item":"https:\/\/viajesolyplaya.co\/"},{"@type":"ListItem","position":2,"name":"Destinos de boda"}]},{"@type":"WebSite","@id":"https:\/\/viajesolyplaya.co\/#website","url":"https:\/\/viajesolyplaya.co\/","name":"Viajes sol y playa","description":"agencia  de viaje sol y playa","publisher":{"@id":"https:\/\/viajesolyplaya.co\/#organization"},"potentialAction":[{"@type":"SearchAction","target":{"@type":"EntryPoint","urlTemplate":"https:\/\/viajesolyplaya.co\/?s={search_term_string}"},"query-input":{"@type":"PropertyValueSpecification","valueRequired":true,"valueName":"search_term_string"}}],"inLanguage":"es-CO"},{"@type":"Organization","@id":"https:\/\/viajesolyplaya.co\/#organization","name":"Viajes sol y playa","url":"https:\/\/viajesolyplaya.co\/","logo":{"@type":"ImageObject","inLanguage":"es-CO","@id":"https:\/\/viajesolyplaya.co\/#\/schema\/logo\/image\/","url":"https:\/\/viajesolyplaya.co\/wp-content\/uploads\/2024\/10\/SOL-Y-PLAYA-10.png","contentUrl":"https:\/\/viajesolyplaya.co\/wp-content\/uploads\/2024\/10\/SOL-Y-PLAYA-10.png","width":552,"height":466,"caption":"Viajes sol y playa"},"image":{"@id":"https:\/\/viajesolyplaya.co\/#\/schema\/logo\/image\/"},"sameAs":["https:\/\/www.facebook.com\/share\/16WfVfg3oz\/?mibextid=wwXIfr","https:\/\/www.instagram.com\/viajesolyplaya_oficial?igsh=cWQ3dGswM3gwajdy&utm_source=qr"]}]}},"jetpack_likes_enabled":true,"jetpack_sharing_enabled":true,"_links":{"self":[{"href":"https:\/\/viajesolyplaya.co\/index.php?rest_route=\/wp\/v2\/pages\/1258","targetHints":{"allow":["GET"]}}],"collection":[{"href":"https:\/\/viajesolyplaya.co\/index.php?rest_route=\/wp\/v2\/pages"}],"about":[{"href":"https:\/\/viajesolyplaya.co\/index.php?rest_route=\/wp\/v2\/types\/page"}],"author":[{"embeddable":true,"href":"https:\/\/viajesolyplaya.co\/index.php?rest_route=\/wp\/v2\/users\/1"}],"replies":[{"embeddable":true,"href":"https:\/\/viajesolyplaya.co\/index.php?rest_route=%2Fwp%2Fv2%2Fcomments&post=1258"}],"version-history":[{"count":29,"href":"https:\/\/viajesolyplaya.co\/index.php?rest_route=\/wp\/v2\/pages\/1258\/revisions"}],"predecessor-version":[{"id":2789,"href":"https:\/\/viajesolyplaya.co\/index.php?rest_route=\/wp\/v2\/pages\/1258\/revisions\/2789"}],"wp:attachment":[{"href":"https:\/\/viajesolyplaya.co\/index.php?rest_route=%2Fwp%2Fv2%2Fmedia&parent=1258"}],"curies":[{"name":"wp","href":"https:\/\/api.w.org\/{rel}","templated":true}]}}